{"id":1002,"date":"2021-09-16T16:32:45","date_gmt":"2021-09-16T14:32:45","guid":{"rendered":"https:\/\/finalix.com\/?page_id=1002"},"modified":"2023-09-08T05:45:08","modified_gmt":"2023-09-08T03:45:08","slug":"datenschutz","status":"publish","type":"page","link":"https:\/\/finalix.com\/de\/datenschutz\/","title":{"rendered":"Datenschutz"},"content":{"rendered":"\n<p>Bitte lesen Sie unsere Datenschutzbestimmungen aufmerksam durch, bevor Sie fortfahren. Personen, welche die Website finalix.ch von Finalix AG abrufen, oder andersweitig in Kontakt treten, erkl\u00e4ren sich mit den nachstehenden Bedingungen einverstanden.<\/p>\n\n\n\n<h2 class=\"wp-block-heading\">Geltungsbereich<\/h2>\n\n\n\n<p>Diese Datenschutzerkl\u00e4rung soll die Nutzer dieser Website gem\u00e4ss dem Bundesgesetz \u00fcber den Datenschutz (DSG) sowie allenfalls anwendbarem ausl\u00e4ndischem Datenschutzrecht wie beispielsweise der Datenschutz-Grundverordnung (DSGVO) der Europ\u00e4ischen Union (EU) \u00fcber die Art, den Umfang und den Zweck der Erhebung und Verwendung personenbezogener Daten durch den Websitebetreiber informieren.<\/p>\n\n\n\n<p><strong>Finalix AG<\/strong><br>Beethovenstrasse 48<br>8002 Z\u00fcrich<br><a href=\"mailto:info@finalix.ch\">info@finalix.com<\/a> \/ <a href=\"https:\/\/finalix.com\">www.finalix.com<\/a><\/p>\n\n\n\n<p>Die EU anerkennt, dass das schweizerische Datenschutzrecht einen angemessenen Datenschutz gew\u00e4hrleistet.<\/p>\n\n\n\n<p>Wir als Websitebetreiber nehmen Datenschutz sehr ernst und behandeln Ihre personenbezogenen Daten vertraulich und entsprechend der gesetzlichen Vorschriften. Wir k\u00f6nnen unsere Datenschutzerkl\u00e4rung jederzeit durch Ver\u00f6ffentlichung auf dieser Website anpassen.<\/p>\n\n\n\n<p>Als personenbezogene Daten gelten s\u00e4mtliche Informationen, welche dazu dienen, Ihre Person zu bestimmen und welche zu Ihnen zur\u00fcckverfolgt werden k\u00f6nnen \u2013 also beispielsweise Ihr Name, Ihre E-Mail-Adresse und Telefonnummer. Der Websitebetreiber erhebt, nutzt und gibt Ihre personenbezogenen Daten nur dann weiter, wenn dies im gesetzlichen Rahmen erlaubt ist oder Sie in die Datenerhebung einwilligen.<\/p>\n\n\n\n<h2 class=\"wp-block-heading\">Sicherheit<\/h2>\n\n\n\n<p>Der Zugriff auf unsere Website erfolgt mittels Transportverschl\u00fcsselung (SSL). Ein SSL-Zertifikat ist Code auf dem Webserver, dass die Online-Kommunikation absichert. Stellt ein Webbrowser eine Verbindung zu einer gesicherten Website her, erm\u00f6glicht das SSL-Zertifikat eine gesicherte Verbindung.<\/p>\n\n\n\n<p>Bedenken Sie, dass die Daten\u00fcbertragung im Internet grunds\u00e4tzlich mit Sicherheitsl\u00fccken bedacht sein kann. Ein vollumf\u00e4nglicher Schutz vor dem Zugriff durch Fremde ist nicht realisierbar.<\/p>\n\n\n\n<h2 class=\"wp-block-heading\">Welche Daten von Ihnen werden beim Aufrufen der Website erhoben (\u00abZugriffsdaten\u00bb)<\/h2>\n\n\n\n<p>Der Websitebetreiber bzw. Seitenprovider erhebt Daten \u00fcber Zugriffe auf finalix.com und speichert diese als \u201eServer-Logfiles\u201c ab. Folgende Zugriffsdaten werden so protokolliert:<\/p>\n\n\n\n<ul class=\"wp-block-list\">\n<li>Besuchte Website<\/li>\n\n\n\n<li>Uhrzeit zum Zeitpunkt des Zugriffes<\/li>\n\n\n\n<li>Menge der gesendeten Daten in Byte<\/li>\n\n\n\n<li>Quelle\/Verweis, von welchem Sie auf die Seite gelangten<\/li>\n\n\n\n<li>Verwendeter Browser<\/li>\n\n\n\n<li>Verwendetes Betriebssystem<\/li>\n\n\n\n<li>Verwendete IP-Adresse<\/li>\n<\/ul>\n\n\n\n<h2 class=\"wp-block-heading\">Zweck der Erhebung von Zugriffsdaten<\/h2>\n\n\n\n<p>Die Erhebung und Verarbeitung dieser Daten erfolgt, um die Nutzung der Website zu erm\u00f6glichen (Verbindungsaufbau), die Systemsicherheit und -stabilit\u00e4t zu gew\u00e4hrleisten, f\u00fcr die Optimierung des Internetangebots sowie zu internen statistischen Zwecken. Die IP-Adresse wird insbesondere dazu verwendet, um Ihr Aufenthaltsland zu erfassen und darauf abgestimmte Voreinstellungen (z.B. Sprache) vorzunehmen. Die IP-Adresse wird zudem erhoben, um auf Angriffe auf unsere Netzinfrastruktur angemessen reagieren zu k\u00f6nnen. Der Websitebetreiber beh\u00e4lt sich in diesem Fall vor, die Server-Logfiles nachtr\u00e4glich zu \u00fcberpr\u00fcfen, sollten konkrete Anhaltspunkte auf eine rechtswidrige Nutzung hinweisen.<\/p>\n\n\n\n<h2 class=\"wp-block-heading\">Zugriff auf Ihre Daten durch unsere Agentur<\/h2>\n\n\n\n<p>F\u00fcr die Maintenance und Entwicklung der Website, der Analyse der Website und der Beantwortung von Anfragen haben wir einen Datenverarbeitungsvertrag mit communicaziun.ch, Glennerstrasse 17, 7130 Ilanz, Fon +41 81 925 27 00,<a href=\"mailto:info@compresso.ch\" target=\"_blank\" rel=\"noreferrer noopener\"> <\/a><a href=\"mailto:info@communicaziun.ch\" target=\"_blank\" rel=\"noreferrer noopener\">info@communicaziun.ch<\/a>, <a href=\"https:\/\/communicaziun.ch\" target=\"_blank\" rel=\"noreferrer noopener\">communicaziun.ch<\/a> abgeschlossen.<\/p>\n\n\n\n<p>Die Verarbeitung Ihrer Daten erfolgt im Rahmen der von Ihnen eingewilligten Nutzung. Ihre Daten werden keinesfalls an Dritte weitergegeben.<\/p>\n\n\n\n<h2 class=\"wp-block-heading\">Cookies<\/h2>\n\n\n\n<p>Diese Website verwendet Cookies. Dabei handelt es sich um kleine Textdateien, welche auf Ihrem Endger\u00e4t gespeichert werden. Ihr Browser greift auf diese Dateien zu. Durch den Einsatz von Cookies erh\u00f6ht sich die Benutzerfreundlichkeit und Sicherheit dieser Website.<\/p>\n\n\n\n<p>G\u00e4ngige Browser bieten die Einstellungsoption, Cookies nicht zuzulassen. Hinweis: Es ist nicht gew\u00e4hrleistet, dass Sie auf alle Funktionen dieser Website ohne Einschr\u00e4nkungen zugreifen k\u00f6nnen, wenn Sie entsprechende Einstellungen vornehmen.<\/p>\n\n\n\n<h2 class=\"wp-block-heading has-neve-link-color-color has-text-color\">Kontakt<\/h2>\n\n\n\n<p>Sie haben die M\u00f6glichkeit, uns auf unserer Website per E-Mail oder Telefon zu kontaktieren und Ausk\u00fcnfte \u00fcber unserere Dienstleistungen oder unser Produkt zu erfragen.<\/p>\n\n\n\n<p>Wir verwenden diese Daten nur, um Ihre Kontaktanfrage bestm\u00f6glich und personalisiert beantworten zu k\u00f6nnen. Sie k\u00f6nnen dieser Datenverarbeitung jederzeit widersprechen.<\/p>\n\n\n\n<p>F\u00fcr den Fall, dass Sie uns \u00fcber eine Social-Media-Plattform kontaktieren, weisen wir Sie darauf hin, dass diese nicht im Eigentum oder der Herrschaftssph\u00e4re von uns steht, der Schutz und die Vertraulichkeit der uns \u00fcber die jeweilige Social-Media-Plattform zur Verf\u00fcgung gestellten Daten daher nicht gew\u00e4hrleistet werden kann. F\u00fcr Fragen zum Datenschutz wenden Sie sich bitte an die Betreiber und Inhaber der jeweiligen Social-Media-Plattform.<\/p>\n\n\n\n<p>Eine Weitergabe der von Ihnen mitgeteilten Daten an Dritte erfolgt nicht.<\/p>\n\n\n\n<h2 class=\"wp-block-heading\">Bewerbungen<\/h2>\n\n\n\n<p>Wenn Sie sich auf eine Stelle bei uns bewerben, werden die im Rahmen des Bewerbungsverfahrens von Ihnen zur Verf\u00fcgung gestellten Daten bearbeitet, um zu pr\u00fcfen, ob wir ein Arbeitsverh\u00e4ltnis mit Ihnen begr\u00fcnden und durchf\u00fchren m\u00f6chten. Die Bearbeitung kann auch auf elektronischem Wege erfolgen. Dies ist insbesondere dann der Fall, wenn Sie Ihre Bewerbungsunterlagen auf elektronischem Weg (z.B. per E-Mail) an uns \u00fcbermitteln. Wir machen Sie in diesem Zusammenhang darauf aufmerksam, dass die elektronische \u00dcbermittlung von Daten Risiken bergen kann, f\u00fcr welche die Finalix AG keine Verantwortung \u00fcbernimmt.<\/p>\n\n\n\n<p>Diese Daten werden ausschliesslich im Rahmen Ihrer Bewerbung von ausgew\u00e4hlten Mitarbeitern von finalix gespeichert, ausgewertet, bearbeitet oder intern weitergeleitet. Daneben k\u00f6nnen sie f\u00fcr statistische Zwecke (z.B. Reporting) bearbeitet werden. In diesem Fall sind keine R\u00fcckschl\u00fcsse auf einzelne Personen m\u00f6glich.<\/p>\n\n\n\n<p>Grundlage f\u00fcr die Bearbeitung der Bewerbungsdaten ist unser berechtigtes Interesse an der Durchf\u00fchrung des Bewerbungsverfahrens.<\/p>\n\n\n\n<p>Im Fall einer Anstellung werden die \u00fcbermittelten Daten zum Zwecke der Abwicklung des Arbeitsverh\u00e4ltnisses unter Beachtung der gesetzlichen Vorschriften gespeichert. Andernfalls, sofern das Bewerbungsverfahren ohne Anstellung endet, werden Ihre Daten nur bis zum Entscheidungszeitpunkt \u00fcber die Einstellung bearbeitet. Danach werden die Daten gel\u00f6scht. <\/p>\n\n\n\n<p>Unbesehen des Vorstehenden, haben Sie jederzeit die M\u00f6glichkeit, der Datenbearbeitung zu widersprechen und Ihre (elektronischen) Daten l\u00f6schen zu lassen. Senden Sie Ihren Widerspruch bitte an <a href=\"mailto:info@finalix.com\" target=\"_blank\" rel=\"noreferrer noopener\">info@finalix.com<\/a> oder an die bei der Stellenausschreibung angegebene E-Mail-Adresse.<\/p>\n\n\n\n<h2 class=\"wp-block-heading\">Analyse Tool<\/h2>\n\n\n\n<p>Diese Website nutzt den Dienst \u201eGoogle Analytics\u201c, welcher von Google Inc. (1600 Amphitheatre Parkway Mountain View, CA 94043, USA) angeboten wird, zur Analyse der Websitebenutzung durch Nutzer. Der Dienst verwendet Cookies \u2013 Textdateien, welche auf Ihrem Endger\u00e4t gespeichert werden. Die durch die Cookies gesammelten Informationen werden im Regelfall an einen Google-Server in den USA gesandt und dort gespeichert.<\/p>\n\n\n\n<p>Auf dieser Website greift die IP-Anonymisierung. Die IP-Adresse der Nutzer wird innerhalb der Mitgliedsstaaten der EU und des Europ\u00e4ischen Wirtschaftsraum gek\u00fcrzt. Durch diese K\u00fcrzung entf\u00e4llt der Personenbezug Ihrer IP-Adresse. Im Rahmen der Vereinbarung zur Auftragsdatenvereinbarung, welche wir mit Google Inc. geschlossen haben, erstellt diese mithilfe der gesammelten Informationen eine Auswertung der Websitenutzung und der Websiteaktivit\u00e4t und erbringt mit der Internetnutzung verbundene Dienstleistungen.<\/p>\n\n\n\n<p>Sie haben die M\u00f6glichkeit, die Speicherung des Cookies auf Ihrem Ger\u00e4t zu verhindern, indem Sie in Ihrem Browser entsprechende Einstellungen vornehmen. Es ist nicht gew\u00e4hrleistet, dass Sie auf alle Funktionen dieser Website ohne Einschr\u00e4nkungen zugreifen k\u00f6nnen, wenn Ihr Browser keine Cookies zul\u00e4sst.<\/p>\n\n\n\n<p>Weiterhin k\u00f6nnen Sie durch ein Browser-Plugin verhindern, dass die durch Cookies gesammelten Informationen (inklusive Ihrer IP-Adresse) an Google Inc. gesendet und von Google Inc. genutzt werden. Folgender Link f\u00fchrt Sie zu dem entsprechenden Plugin: <a href=\"https:\/\/tools.google.com\/dlpage\/gaoptout?hl=de\" target=\"_blank\" rel=\"noreferrer noopener\">https:\/\/tools.google.com\/dlpage\/gaoptout?hl=de<\/a><\/p>\n\n\n\n<p>Alternativ verhindern Sie mit einem Klick auf diesen <a href=\"javascript:gaOptout()\">Link<\/a>, dass Google Analytics innerhalb dieser Website Daten \u00fcber Sie erfasst. Mit dem Klick auf obigen Link laden Sie ein \u201eOpt-Out-Cookie\u201c herunter. Ihr Browser muss die Speicherung von Cookies also hierzu grunds\u00e4tzlich erlauben. L\u00f6schen Sie Ihre Cookies regelm\u00e4ssig, ist ein erneuter Klick auf den Link bei jedem Besuch dieser Website vonn\u00f6ten.<\/p>\n\n\n\n<p>Hier finden Sie weitere Informationen zur Datennutzung durch Google Inc.: <a href=\"https:\/\/support.google.com\/analytics\/answer\/6004245?hl=de\" target=\"_blank\" rel=\"noreferrer noopener\">https:\/\/support.google.com\/analytics\/answer\/6004245?hl=de<\/a><\/p>\n\n\n\n<h2 class=\"wp-block-heading\">Google Maps<\/h2>\n\n\n\n<p>Wir verwenden Google Maps f\u00fcr das Einbetten von Karten. Dieser Dienst der amerikanischen Google LLC verwendet unter anderem Cookies und es werden Daten an Google in den USA \u00fcbertragen, wobei wir davon ausgehen, dass in diesem Rahmen kein personenbezogenes Tracking allein durch die Nutzung unserer Website stattfindet. Google hat sich verpflichtet, einen angemessenen Datenschutz gem\u00e4ss dem amerikanisch-europ\u00e4ischen und dem amerikanisch-schweizerischen Privacy Shield zu gew\u00e4hrleisten. Weitere Informationen finden sich in der <a href=\"https:\/\/policies.google.com\/privacy?hl=de\" target=\"_blank\" rel=\"noreferrer noopener\">Datenschutzerkl\u00e4rung von Google<\/a>.<\/p>\n\n\n\n<h2 class=\"wp-block-heading\">Google Fonts<\/h2>\n\n\n\n<p>Diese Webseite verwendet als Schriftart Google Font. Dieser Dienst wird ebenfalls durch Google LLC angeboten. Weitere Informationen finden sich in der <a href=\"https:\/\/policies.google.com\/privacy?hl=de\" target=\"_blank\" rel=\"noreferrer noopener\">Datenschutzerkl\u00e4rung von Google<\/a>.<\/p>\n\n\n\n<h2 class=\"wp-block-heading\">Rechte des Nutzers: Auskunft, Berichtigung und L\u00f6schung<\/h2>\n\n\n\n<p>Nach Beendigung des jeweiligen vereinbarten und eingewilligten Nutzungsverh\u00e4ltnisses werden Ihre personenbezogenen Daten gel\u00f6scht.<\/p>\n\n\n\n<p>Sie als Nutzer erhalten auf Antrag Ihrerseits kostenlose Auskunft dar\u00fcber, welche personenbezogenen Daten \u00fcber Sie gespeichert wurden. Sofern Ihr Wunsch nicht mit einer gesetzlichen Pflicht zur Aufbewahrung von Daten (z. B. Buchhaltung) kollidiert, haben Sie ein Anrecht auf Berichtigung falscher Daten und auf die Sperrung oder L\u00f6schung Ihrer personenbezogenen Daten. Bei Auskunft, L\u00f6schung oder \u00c4nderung der Daten richten Sie Ihre Anfrage an folgende Adresse:<\/p>\n\n\n\n<p><strong>Finalix AG<\/strong><br>Beethovenstrasse 48<br>8002 Z\u00fcrich<br><a href=\"mailto:info@finalix.com\">info@finalix.com<\/a> \/ <a href=\"https:\/\/finalix.com\">www.finalix.com<\/a><\/p>\n\n\n\n<div style=\"height:80px\" aria-hidden=\"true\" class=\"wp-block-spacer\"><\/div>\n","protected":false},"excerpt":{"rendered":"<p>Bitte lesen Sie unsere Datenschutzbestimmungen aufmerksam durch, bevor Sie fortfahren. Personen, welche die Website finalix.ch von Finalix AG abrufen, oder andersweitig in Kontakt treten, erkl\u00e4ren sich mit den nachstehenden Bedingungen einverstanden. Geltungsbereich Diese Datenschutzerkl\u00e4rung soll die Nutzer dieser Website gem\u00e4ss dem Bundesgesetz \u00fcber den Datenschutz (DSG) sowie allenfalls anwendbarem ausl\u00e4ndischem Datenschutzrecht wie beispielsweise der Datenschutz-Grundverordnung&hellip;&nbsp;<a href=\"https:\/\/finalix.com\/de\/datenschutz\/\" rel=\"bookmark\">Weiterlesen &raquo;<span class=\"screen-reader-text\">Datenschutz<\/span><\/a><\/p>\n","protected":false},"author":3,"featured_media":0,"parent":0,"menu_order":23,"comment_status":"closed","ping_status":"closed","template":"","meta":{"_acf_changed":false,"neve_meta_sidebar":"","neve_meta_container":"","neve_meta_enable_content_width":"","neve_meta_content_width":0,"neve_meta_title_alignment":"","neve_meta_author_avatar":"","neve_post_elements_order":"","neve_meta_disable_header":"","neve_meta_disable_footer":"","neve_meta_disable_title":"","neve_meta_reading_time":"","footnotes":""},"class_list":["post-1002","page","type-page","status-publish","hentry"],"acf":[],"_links":{"self":[{"href":"https:\/\/finalix.com\/de\/wp-json\/wp\/v2\/pages\/1002","targetHints":{"allow":["GET"]}}],"collection":[{"href":"https:\/\/finalix.com\/de\/wp-json\/wp\/v2\/pages"}],"about":[{"href":"https:\/\/finalix.com\/de\/wp-json\/wp\/v2\/types\/page"}],"author":[{"embeddable":true,"href":"https:\/\/finalix.com\/de\/wp-json\/wp\/v2\/users\/3"}],"replies":[{"embeddable":true,"href":"https:\/\/finalix.com\/de\/wp-json\/wp\/v2\/comments?post=1002"}],"version-history":[{"count":0,"href":"https:\/\/finalix.com\/de\/wp-json\/wp\/v2\/pages\/1002\/revisions"}],"wp:attachment":[{"href":"https:\/\/finalix.com\/de\/wp-json\/wp\/v2\/media?parent=1002"}],"curies":[{"name":"wp","href":"https:\/\/api.w.org\/{rel}","templated":true}]}}