{"id":11207,"date":"2025-11-06T17:12:19","date_gmt":"2025-11-06T15:12:19","guid":{"rendered":"https:\/\/finalix.com\/?page_id=11207"},"modified":"2025-11-10T14:02:05","modified_gmt":"2025-11-10T12:02:05","slug":"forum-2025-rueckblick","status":"publish","type":"page","link":"https:\/\/finalix.com\/de\/forum-2025-rueckblick\/","title":{"rendered":"Forum 2025 &#8211; R\u00fcckblick"},"content":{"rendered":"\t\t<div data-elementor-type=\"wp-page\" data-elementor-id=\"11207\" class=\"elementor elementor-11207\" data-elementor-post-type=\"page\">\n\t\t\t\t\t\t<div class=\"elementor-section elementor-top-section elementor-element elementor-element-700a0ec elementor-section-height-min-height elementor-section-items-stretch elementor-section-content-middle elementor-section-boxed elementor-section-height-default elementor-invisible\" data-id=\"700a0ec\" data-element_type=\"section\" data-e-type=\"section\" data-settings=\"{&quot;background_background&quot;:&quot;classic&quot;,&quot;animation&quot;:&quot;fadeIn&quot;,&quot;jet_parallax_layout_list&quot;:[]}\">\n\t\t\t\t\t\t<div class=\"elementor-container elementor-column-gap-default\">\n\t\t\t\t\t<div class=\"elementor-column elementor-col-100 elementor-top-column elementor-element elementor-element-20883cd\" data-id=\"20883cd\" data-element_type=\"column\" data-e-type=\"column\">\n\t\t\t<div class=\"elementor-widget-wrap\">\n\t\t\t\t\t\t\t<\/div>\n\t\t<\/div>\n\t\t\t\t\t<\/div>\n\t\t<\/div>\n\t\t\t\t<section class=\"elementor-section elementor-top-section elementor-element elementor-element-5a99e1a elementor-section-boxed elementor-section-height-default elementor-section-height-default\" data-id=\"5a99e1a\" data-element_type=\"section\" data-e-type=\"section\" data-settings=\"{&quot;jet_parallax_layout_list&quot;:[]}\">\n\t\t\t\t\t\t<div class=\"elementor-container elementor-column-gap-default\">\n\t\t\t\t\t<div class=\"elementor-column elementor-col-100 elementor-top-column elementor-element elementor-element-c6353a0\" data-id=\"c6353a0\" data-element_type=\"column\" data-e-type=\"column\">\n\t\t\t<div class=\"elementor-widget-wrap elementor-element-populated\">\n\t\t\t\t\t\t<div class=\"elementor-element elementor-element-47c8cd9 elementor-widget elementor-widget-heading\" data-id=\"47c8cd9\" data-element_type=\"widget\" data-e-type=\"widget\" data-widget_type=\"heading.default\">\n\t\t\t\t<div class=\"elementor-widget-container\">\n\t\t\t\t\t<h1 class=\"elementor-heading-title elementor-size-default\">Kunst. Inspiration. Austausch.<\/h1>\t\t\t\t<\/div>\n\t\t\t\t<\/div>\n\t\t\t\t<div class=\"elementor-element elementor-element-8b56694 elementor-widget__width-initial elementor-widget elementor-widget-text-editor\" data-id=\"8b56694\" data-element_type=\"widget\" data-e-type=\"widget\" data-widget_type=\"text-editor.default\">\n\t\t\t\t<div class=\"elementor-widget-container\">\n\t\t\t\t\t\t\t\t\t<p>Am <strong>29. Oktober 2025<\/strong> traf sich die finalix Community im Kunsthaus Z\u00fcrich zum diesj\u00e4hrigen finalix Forum. Der Abend stand ganz im Zeichen von Kunst, Inspiration und Austausch.<\/p><p>Nach den F\u00fchrungen durch den Chipperfield-Bau diskutierten die Teilnehmenden an Thementischen aktuelle Entwicklungen aus der Finanzwelt \u2013 in einer Atmosph\u00e4re, die zum Nachdenken und Vernetzen einlud.<\/p>\t\t\t\t\t\t\t\t<\/div>\n\t\t\t\t<\/div>\n\t\t\t\t<div class=\"elementor-element elementor-element-1828452 elementor-widget__width-initial elementor-widget elementor-widget-video\" data-id=\"1828452\" data-element_type=\"widget\" data-e-type=\"widget\" data-settings=\"{&quot;youtube_url&quot;:&quot;https:\\\/\\\/youtu.be\\\/mQ0pp6jt9-c&quot;,&quot;video_type&quot;:&quot;youtube&quot;,&quot;controls&quot;:&quot;yes&quot;}\" data-widget_type=\"video.default\">\n\t\t\t\t<div class=\"elementor-widget-container\">\n\t\t\t\t\t\t\t<div class=\"elementor-wrapper elementor-open-inline\">\n\t\t\t<div class=\"elementor-video\"><\/div>\t\t<\/div>\n\t\t\t\t\t\t<\/div>\n\t\t\t\t<\/div>\n\t\t\t\t<div class=\"elementor-element elementor-element-1436679 elementor-widget elementor-widget-spacer\" data-id=\"1436679\" data-element_type=\"widget\" data-e-type=\"widget\" data-widget_type=\"spacer.default\">\n\t\t\t\t<div class=\"elementor-widget-container\">\n\t\t\t\t\t\t\t<div class=\"elementor-spacer\">\n\t\t\t<div class=\"elementor-spacer-inner\"><\/div>\n\t\t<\/div>\n\t\t\t\t\t\t<\/div>\n\t\t\t\t<\/div>\n\t\t\t\t<div class=\"elementor-element elementor-element-2ed4f17 elementor-widget elementor-widget-heading\" data-id=\"2ed4f17\" data-element_type=\"widget\" data-e-type=\"widget\" data-widget_type=\"heading.default\">\n\t\t\t\t<div class=\"elementor-widget-container\">\n\t\t\t\t\t<h2 class=\"elementor-heading-title elementor-size-default\">Unsere Thementische<\/h2>\t\t\t\t<\/div>\n\t\t\t\t<\/div>\n\t\t\t\t<div class=\"elementor-element elementor-element-fcb474e elementor-widget__width-initial elementor-widget elementor-widget-text-editor\" data-id=\"fcb474e\" data-element_type=\"widget\" data-e-type=\"widget\" data-widget_type=\"text-editor.default\">\n\t\t\t\t<div class=\"elementor-widget-container\">\n\t\t\t\t\t\t\t\t\t<p>Im Mittelpunkt des Forums standen 17 Thementische, die den fachlichen Austausch vertieften. Die Teilnehmenden konnten ihre individuellen Schwerpunkte w\u00e4hlen und sich mit unseren Expertinnen und Experten austauschen. Hier sind nochmals alle Themen und die passenden Expertinnen und Experten aufgef\u00fchrt. Bei Fragen freuen sie sich \u00fcber eine Kontaktaufnahme.<\/p>\n<p><strong>Advisory &amp; Verm\u00f6gensverwaltung<\/strong><\/p>\n<ul>\n<li>Investment Management: Zwischen Individualisierung von Mandaten vs Zwang zur Effizienz.&nbsp;<a href=\"https:\/\/finalix.com\/de\/mitarbeiter\/marco-zietzling\/\" target=\"_blank\" rel=\"noopener\"><em><span style=\"text-decoration: underline;\">Marco Zietzlin<\/span>g<\/em><\/a><\/li>\n<li>Mit Freude nachhaltig: wie nachhaltiges Investieren f\u00fcr Berater und Kunden wieder attraktiv wird. <a href=\"https:\/\/finalix.com\/de\/mitarbeiter\/dr-marcus-fenchel\/\" target=\"_blank\" rel=\"noopener\"><span style=\"text-decoration: underline;\"><em>Marcus Fenchel<\/em><\/span><\/a><\/li>\n<li>Private Equity: Herausforderungen f\u00fcr den Advisory Prozess und diskretion\u00e4re Mandate&nbsp;<span style=\"text-decoration: underline;\"><em><a href=\"https:\/\/finalix.com\/de\/mitarbeiter\/pascal-huwyler\/\" target=\"_blank\" rel=\"noopener\">Pascal Huwyler<\/a><\/em><\/span><\/li>\n<li>Ganzheitliche Finanzplanung ohne Berater, geht das?&nbsp; <em><span style=\"text-decoration: underline;\"><a href=\"https:\/\/finalix.com\/de\/mitarbeiter\/alena-willi\/\" target=\"_blank\" rel=\"noopener\">Alena Willi<\/a><\/span>, <span style=\"text-decoration: underline;\"><a href=\"https:\/\/finalix.com\/de\/mitarbeiter\/matthias-busslinger\/\" target=\"_blank\" rel=\"noopener\">Matthias Busslinger<\/a><\/span><\/em><\/li>\n<\/ul>\n<p><strong>Technologie &amp; Transformation<\/strong><\/p>\n<ul style=\"padding-left: 15px;\">\n<li>Vom Bauchgef\u00fchl zum KI Bot, wer entscheidet \u00fcber Talente?&nbsp;<a href=\"https:\/\/finalix.com\/de\/mitarbeiter\/corine-ackermann\/\" target=\"_blank\" rel=\"noopener\"><em><span style=\"text-decoration: underline;\">Corine Ackermann<\/span><\/em><\/a><\/li>\n<li>Ready or Not: Die gr\u00f6ssten Stolpersteine in Transformationen <a href=\"https:\/\/finalix.com\/de\/mitarbeiter\/frederik-embrechts\/\" target=\"_blank\" rel=\"noopener\"><span style=\"text-decoration: underline;\"><em>Frederik Embrechts<\/em><\/span><\/a><em>, <\/em><span style=\"text-decoration: underline;\"><em><a href=\"https:\/\/finalix.com\/de\/mitarbeiter\/theodore-deden\/\" target=\"_blank\" rel=\"noopener\">Theodore Deden<\/a><\/em><\/span><\/li>\n<li>Test Automation im Wandel: Hype oder nachhaltiger Nutzen?&nbsp;<span style=\"text-decoration: underline;\"><em><a href=\"https:\/\/finalix.com\/de\/mitarbeiter\/dr-jochen-dzienziol\/\" target=\"_blank\" rel=\"noopener\">Jochen Dzienziol<\/a><\/em><\/span><\/li>\n<li>Methodische Evaluation von Standardsoftware: erfolgskritisch oder Alibi-\u00dcbung? <em><span style=\"text-decoration: underline;\"><a href=\"https:\/\/finalix.com\/de\/mitarbeiter\/adrian-hartmann\/\">Adrian Hartmann<\/a><\/span><\/em><\/li>\n<\/ul>\n<p><strong>Compliance &amp; Risiko<\/strong><\/p>\n<ul>\n<li>EU Retail Investment Package \/ MiFID III: Was kommt da auf uns zu?&nbsp;<em><span style=\"text-decoration: underline;\"><a href=\"https:\/\/finalix.com\/de\/mitarbeiter\/dr-christian-ullrich\/\" target=\"_blank\" rel=\"noopener\">Christian Ullrich<\/a><\/span><\/em><\/li>\n<li>Kann ein Digital Asset Offering via klassische Finanzinstrumente erfolgreich sein? <span style=\"text-decoration: underline;\"><em><a href=\"https:\/\/finalix.com\/de\/mitarbeiter\/david-fehr\/\" target=\"_blank\" rel=\"noopener\">David Fehr<\/a><\/em><\/span><\/li>\n<li>AI based KYC Review am Beispiel: Wie gelingt die Effizienz- und Qualit\u00e4tssteigerung in der AML\/KYC-Compliance? <a href=\"https:\/\/finalix.com\/de\/mitarbeiter\/andrew-rufener\/\" target=\"_blank\" rel=\"noopener\"><span style=\"text-decoration: underline;\"><em>Andrew Rufener<\/em><\/span><\/a><\/li>\n<\/ul>\n<p><strong>Versicherung &amp; Kundenerlebnis<\/strong><\/p>\n<ul>\n<li>Operative Exzellenz im Kundenkontakt \u2013 am Beispiel einer Krankenkasse&nbsp;<a href=\"https:\/\/finalix.com\/de\/mitarbeiter\/martin-becker\/\" target=\"_blank\" rel=\"noopener\"><span style=\"text-decoration: underline;\"><em>Martin Becker<\/em><\/span><\/a><\/li>\n<li>Rentabilit\u00e4t in der Versicherung: Planbarkeit oder doch \u00dcberraschungsmoment?&nbsp;<a href=\"https:\/\/finalix.com\/de\/mitarbeiter\/christian-maeder\/\" target=\"_blank\" rel=\"noopener\"><span style=\"text-decoration: underline;\"><em>Christian Maeder<\/em><\/span><\/a><\/li>\n<li>Embedded Insurance: Gesch\u00e4ftsmodelle zwischen Chancen und Risiken <a href=\"https:\/\/finalix.com\/de\/mitarbeiter\/dominic-keller\/\" target=\"_blank\" rel=\"noopener\"><span style=\"text-decoration: underline;\"><em>Dominic Keller<\/em><\/span><\/a><\/li>\n<\/ul>\n<p><strong>Kunst &amp; Kultur<\/strong><\/p>\n<ul>\n<li>Technologische Ver\u00e4nderungen, K\u00fcnstliche Intelligenz und Kunst<\/li>\n<li>Kunst als Beruf: Einblicke in den Aufbau einer k\u00fcnstlerischen Karriere&nbsp;<\/li>\n<li>Herausforderungen im F\u00fchren eines Museums<\/li>\n<\/ul>\t\t\t\t\t\t\t\t<\/div>\n\t\t\t\t<\/div>\n\t\t\t\t<div class=\"elementor-element elementor-element-f111d97 elementor-widget elementor-widget-spacer\" data-id=\"f111d97\" data-element_type=\"widget\" data-e-type=\"widget\" data-widget_type=\"spacer.default\">\n\t\t\t\t<div class=\"elementor-widget-container\">\n\t\t\t\t\t\t\t<div class=\"elementor-spacer\">\n\t\t\t<div class=\"elementor-spacer-inner\"><\/div>\n\t\t<\/div>\n\t\t\t\t\t\t<\/div>\n\t\t\t\t<\/div>\n\t\t\t\t<div class=\"elementor-element elementor-element-ea02793 elementor-widget elementor-widget-heading\" data-id=\"ea02793\" data-element_type=\"widget\" data-e-type=\"widget\" data-widget_type=\"heading.default\">\n\t\t\t\t<div class=\"elementor-widget-container\">\n\t\t\t\t\t<h3 class=\"elementor-heading-title elementor-size-default\">Impressionen<\/h3>\t\t\t\t<\/div>\n\t\t\t\t<\/div>\n\t\t\t\t<div class=\"elementor-element elementor-element-094e1e1 elementor-widget elementor-widget-gallery\" data-id=\"094e1e1\" data-element_type=\"widget\" data-e-type=\"widget\" data-settings=\"{&quot;columns&quot;:3,&quot;gap&quot;:{&quot;unit&quot;:&quot;px&quot;,&quot;size&quot;:15,&quot;sizes&quot;:[]},&quot;gallery_layout&quot;:&quot;grid&quot;,&quot;columns_tablet&quot;:2,&quot;columns_mobile&quot;:1,&quot;gap_laptop&quot;:{&quot;unit&quot;:&quot;px&quot;,&quot;size&quot;:10,&quot;sizes&quot;:[]},&quot;gap_tablet&quot;:{&quot;unit&quot;:&quot;px&quot;,&quot;size&quot;:10,&quot;sizes&quot;:[]},&quot;gap_mobile_extra&quot;:{&quot;unit&quot;:&quot;px&quot;,&quot;size&quot;:10,&quot;sizes&quot;:[]},&quot;gap_mobile&quot;:{&quot;unit&quot;:&quot;px&quot;,&quot;size&quot;:10,&quot;sizes&quot;:[]},&quot;link_to&quot;:&quot;file&quot;,&quot;aspect_ratio&quot;:&quot;3:2&quot;,&quot;overlay_background&quot;:&quot;yes&quot;,&quot;content_hover_animation&quot;:&quot;fade-in&quot;}\" data-widget_type=\"gallery.default\">\n\t\t\t\t<div class=\"elementor-widget-container\">\n\t\t\t\t\t\t\t<div class=\"elementor-gallery__container\">\n\t\t\t\t\t\t\t<a class=\"e-gallery-item elementor-gallery-item elementor-animated-content\" href=\"https:\/\/finalix.com\/wp-content\/uploads\/2025\/11\/MG_8959-scaled.jpg\" data-elementor-open-lightbox=\"yes\" data-elementor-lightbox-slideshow=\"094e1e1\" data-elementor-lightbox-title=\" MG 8959\" data-e-action-hash=\"#elementor-action%3Aaction%3Dlightbox%26settings%3DeyJpZCI6MTEyMzQsInVybCI6Imh0dHBzOlwvXC9maW5hbGl4LmNvbVwvd3AtY29udGVudFwvdXBsb2Fkc1wvMjAyNVwvMTFcL01HXzg5NTktc2NhbGVkLmpwZyIsInNsaWRlc2hvdyI6IjA5NGUxZTEifQ%3D%3D\">\n\t\t\t\t\t<div class=\"e-gallery-image elementor-gallery-item__image\" data-thumbnail=\"https:\/\/finalix.com\/wp-content\/uploads\/2025\/11\/MG_8959-960x640.jpg\" data-width=\"960\" data-height=\"640\" aria-label=\"\" role=\"img\" ><\/div>\n\t\t\t\t\t\t\t\t\t\t\t<div class=\"elementor-gallery-item__overlay\"><\/div>\n\t\t\t\t\t\t\t\t\t\t\t\t\t\t<\/a>\n\t\t\t\t\t\t\t<a class=\"e-gallery-item elementor-gallery-item elementor-animated-content\" href=\"https:\/\/finalix.com\/wp-content\/uploads\/2025\/11\/MG_7406-scaled.jpg\" data-elementor-open-lightbox=\"yes\" data-elementor-lightbox-slideshow=\"094e1e1\" data-elementor-lightbox-title=\" MG 7406\" data-e-action-hash=\"#elementor-action%3Aaction%3Dlightbox%26settings%3DeyJpZCI6MTEyMzgsInVybCI6Imh0dHBzOlwvXC9maW5hbGl4LmNvbVwvd3AtY29udGVudFwvdXBsb2Fkc1wvMjAyNVwvMTFcL01HXzc0MDYtc2NhbGVkLmpwZyIsInNsaWRlc2hvdyI6IjA5NGUxZTEifQ%3D%3D\">\n\t\t\t\t\t<div class=\"e-gallery-image elementor-gallery-item__image\" data-thumbnail=\"https:\/\/finalix.com\/wp-content\/uploads\/2025\/11\/MG_7406-960x640.jpg\" data-width=\"960\" data-height=\"640\" aria-label=\"\" role=\"img\" ><\/div>\n\t\t\t\t\t\t\t\t\t\t\t<div class=\"elementor-gallery-item__overlay\"><\/div>\n\t\t\t\t\t\t\t\t\t\t\t\t\t\t<\/a>\n\t\t\t\t\t\t\t<a class=\"e-gallery-item elementor-gallery-item elementor-animated-content\" href=\"https:\/\/finalix.com\/wp-content\/uploads\/2025\/11\/MG_7859.jpg\" data-elementor-open-lightbox=\"yes\" data-elementor-lightbox-slideshow=\"094e1e1\" data-elementor-lightbox-title=\" MG 7859\" data-e-action-hash=\"#elementor-action%3Aaction%3Dlightbox%26settings%3DeyJpZCI6MTEyMTQsInVybCI6Imh0dHBzOlwvXC9maW5hbGl4LmNvbVwvd3AtY29udGVudFwvdXBsb2Fkc1wvMjAyNVwvMTFcL01HXzc4NTkuanBnIiwic2xpZGVzaG93IjoiMDk0ZTFlMSJ9\">\n\t\t\t\t\t<div class=\"e-gallery-image elementor-gallery-item__image\" data-thumbnail=\"https:\/\/finalix.com\/wp-content\/uploads\/2025\/11\/MG_7859-960x640.jpg\" data-width=\"960\" data-height=\"640\" aria-label=\"\" role=\"img\" ><\/div>\n\t\t\t\t\t\t\t\t\t\t\t<div class=\"elementor-gallery-item__overlay\"><\/div>\n\t\t\t\t\t\t\t\t\t\t\t\t\t\t<\/a>\n\t\t\t\t\t\t\t<a class=\"e-gallery-item elementor-gallery-item elementor-animated-content\" href=\"https:\/\/finalix.com\/wp-content\/uploads\/2025\/11\/MG_7666-scaled.jpg\" data-elementor-open-lightbox=\"yes\" data-elementor-lightbox-slideshow=\"094e1e1\" data-elementor-lightbox-title=\" MG 7666\" data-e-action-hash=\"#elementor-action%3Aaction%3Dlightbox%26settings%3DeyJpZCI6MTEyMTIsInVybCI6Imh0dHBzOlwvXC9maW5hbGl4LmNvbVwvd3AtY29udGVudFwvdXBsb2Fkc1wvMjAyNVwvMTFcL01HXzc2NjYtc2NhbGVkLmpwZyIsInNsaWRlc2hvdyI6IjA5NGUxZTEifQ%3D%3D\">\n\t\t\t\t\t<div class=\"e-gallery-image elementor-gallery-item__image\" data-thumbnail=\"https:\/\/finalix.com\/wp-content\/uploads\/2025\/11\/MG_7666-960x640.jpg\" data-width=\"960\" data-height=\"640\" aria-label=\"\" role=\"img\" ><\/div>\n\t\t\t\t\t\t\t\t\t\t\t<div class=\"elementor-gallery-item__overlay\"><\/div>\n\t\t\t\t\t\t\t\t\t\t\t\t\t\t<\/a>\n\t\t\t\t\t\t\t<a class=\"e-gallery-item elementor-gallery-item elementor-animated-content\" href=\"https:\/\/finalix.com\/wp-content\/uploads\/2025\/11\/MG_8085-scaled.jpg\" data-elementor-open-lightbox=\"yes\" data-elementor-lightbox-slideshow=\"094e1e1\" data-elementor-lightbox-title=\" MG 8085\" data-e-action-hash=\"#elementor-action%3Aaction%3Dlightbox%26settings%3DeyJpZCI6MTEyMjAsInVybCI6Imh0dHBzOlwvXC9maW5hbGl4LmNvbVwvd3AtY29udGVudFwvdXBsb2Fkc1wvMjAyNVwvMTFcL01HXzgwODUtc2NhbGVkLmpwZyIsInNsaWRlc2hvdyI6IjA5NGUxZTEifQ%3D%3D\">\n\t\t\t\t\t<div class=\"e-gallery-image elementor-gallery-item__image\" data-thumbnail=\"https:\/\/finalix.com\/wp-content\/uploads\/2025\/11\/MG_8085-960x640.jpg\" data-width=\"960\" data-height=\"640\" aria-label=\"\" role=\"img\" ><\/div>\n\t\t\t\t\t\t\t\t\t\t\t<div class=\"elementor-gallery-item__overlay\"><\/div>\n\t\t\t\t\t\t\t\t\t\t\t\t\t\t<\/a>\n\t\t\t\t\t\t\t<a class=\"e-gallery-item elementor-gallery-item elementor-animated-content\" href=\"https:\/\/finalix.com\/wp-content\/uploads\/2025\/11\/MG_8602-scaled.jpg\" data-elementor-open-lightbox=\"yes\" data-elementor-lightbox-slideshow=\"094e1e1\" data-elementor-lightbox-title=\" MG 8602\" data-e-action-hash=\"#elementor-action%3Aaction%3Dlightbox%26settings%3DeyJpZCI6MTEyMzIsInVybCI6Imh0dHBzOlwvXC9maW5hbGl4LmNvbVwvd3AtY29udGVudFwvdXBsb2Fkc1wvMjAyNVwvMTFcL01HXzg2MDItc2NhbGVkLmpwZyIsInNsaWRlc2hvdyI6IjA5NGUxZTEifQ%3D%3D\">\n\t\t\t\t\t<div class=\"e-gallery-image elementor-gallery-item__image\" data-thumbnail=\"https:\/\/finalix.com\/wp-content\/uploads\/2025\/11\/MG_8602-960x640.jpg\" data-width=\"960\" data-height=\"640\" aria-label=\"\" role=\"img\" ><\/div>\n\t\t\t\t\t\t\t\t\t\t\t<div class=\"elementor-gallery-item__overlay\"><\/div>\n\t\t\t\t\t\t\t\t\t\t\t\t\t\t<\/a>\n\t\t\t\t\t\t\t<a class=\"e-gallery-item elementor-gallery-item elementor-animated-content\" href=\"https:\/\/finalix.com\/wp-content\/uploads\/2025\/11\/MG_8033-scaled.jpg\" data-elementor-open-lightbox=\"yes\" data-elementor-lightbox-slideshow=\"094e1e1\" data-elementor-lightbox-title=\" MG 8033\" data-e-action-hash=\"#elementor-action%3Aaction%3Dlightbox%26settings%3DeyJpZCI6MTEyMTgsInVybCI6Imh0dHBzOlwvXC9maW5hbGl4LmNvbVwvd3AtY29udGVudFwvdXBsb2Fkc1wvMjAyNVwvMTFcL01HXzgwMzMtc2NhbGVkLmpwZyIsInNsaWRlc2hvdyI6IjA5NGUxZTEifQ%3D%3D\">\n\t\t\t\t\t<div class=\"e-gallery-image elementor-gallery-item__image\" data-thumbnail=\"https:\/\/finalix.com\/wp-content\/uploads\/2025\/11\/MG_8033-960x640.jpg\" data-width=\"960\" data-height=\"640\" aria-label=\"\" role=\"img\" ><\/div>\n\t\t\t\t\t\t\t\t\t\t\t<div class=\"elementor-gallery-item__overlay\"><\/div>\n\t\t\t\t\t\t\t\t\t\t\t\t\t\t<\/a>\n\t\t\t\t\t\t\t<a class=\"e-gallery-item elementor-gallery-item elementor-animated-content\" href=\"https:\/\/finalix.com\/wp-content\/uploads\/2025\/11\/MG_8388-scaled.jpg\" data-elementor-open-lightbox=\"yes\" data-elementor-lightbox-slideshow=\"094e1e1\" data-elementor-lightbox-title=\" MG 8388\" data-e-action-hash=\"#elementor-action%3Aaction%3Dlightbox%26settings%3DeyJpZCI6MTEyMjYsInVybCI6Imh0dHBzOlwvXC9maW5hbGl4LmNvbVwvd3AtY29udGVudFwvdXBsb2Fkc1wvMjAyNVwvMTFcL01HXzgzODgtc2NhbGVkLmpwZyIsInNsaWRlc2hvdyI6IjA5NGUxZTEifQ%3D%3D\">\n\t\t\t\t\t<div class=\"e-gallery-image elementor-gallery-item__image\" data-thumbnail=\"https:\/\/finalix.com\/wp-content\/uploads\/2025\/11\/MG_8388-960x640.jpg\" data-width=\"960\" data-height=\"640\" aria-label=\"\" role=\"img\" ><\/div>\n\t\t\t\t\t\t\t\t\t\t\t<div class=\"elementor-gallery-item__overlay\"><\/div>\n\t\t\t\t\t\t\t\t\t\t\t\t\t\t<\/a>\n\t\t\t\t\t\t\t<a class=\"e-gallery-item elementor-gallery-item elementor-animated-content\" href=\"https:\/\/finalix.com\/wp-content\/uploads\/2025\/11\/MG_7944-scaled.jpg\" data-elementor-open-lightbox=\"yes\" data-elementor-lightbox-slideshow=\"094e1e1\" data-elementor-lightbox-title=\" MG 7944\" data-e-action-hash=\"#elementor-action%3Aaction%3Dlightbox%26settings%3DeyJpZCI6MTEyMTYsInVybCI6Imh0dHBzOlwvXC9maW5hbGl4LmNvbVwvd3AtY29udGVudFwvdXBsb2Fkc1wvMjAyNVwvMTFcL01HXzc5NDQtc2NhbGVkLmpwZyIsInNsaWRlc2hvdyI6IjA5NGUxZTEifQ%3D%3D\">\n\t\t\t\t\t<div class=\"e-gallery-image elementor-gallery-item__image\" data-thumbnail=\"https:\/\/finalix.com\/wp-content\/uploads\/2025\/11\/MG_7944-960x640.jpg\" data-width=\"960\" data-height=\"640\" aria-label=\"\" role=\"img\" ><\/div>\n\t\t\t\t\t\t\t\t\t\t\t<div class=\"elementor-gallery-item__overlay\"><\/div>\n\t\t\t\t\t\t\t\t\t\t\t\t\t\t<\/a>\n\t\t\t\t\t\t\t<a class=\"e-gallery-item elementor-gallery-item elementor-animated-content\" href=\"https:\/\/finalix.com\/wp-content\/uploads\/2025\/11\/MG_8320.jpg\" data-elementor-open-lightbox=\"yes\" data-elementor-lightbox-slideshow=\"094e1e1\" data-elementor-lightbox-title=\" MG 8320\" data-e-action-hash=\"#elementor-action%3Aaction%3Dlightbox%26settings%3DeyJpZCI6MTEyMjQsInVybCI6Imh0dHBzOlwvXC9maW5hbGl4LmNvbVwvd3AtY29udGVudFwvdXBsb2Fkc1wvMjAyNVwvMTFcL01HXzgzMjAuanBnIiwic2xpZGVzaG93IjoiMDk0ZTFlMSJ9\">\n\t\t\t\t\t<div class=\"e-gallery-image elementor-gallery-item__image\" data-thumbnail=\"https:\/\/finalix.com\/wp-content\/uploads\/2025\/11\/MG_8320-960x640.jpg\" data-width=\"960\" data-height=\"640\" aria-label=\"\" role=\"img\" ><\/div>\n\t\t\t\t\t\t\t\t\t\t\t<div class=\"elementor-gallery-item__overlay\"><\/div>\n\t\t\t\t\t\t\t\t\t\t\t\t\t\t<\/a>\n\t\t\t\t\t\t\t<a class=\"e-gallery-item elementor-gallery-item elementor-animated-content\" href=\"https:\/\/finalix.com\/wp-content\/uploads\/2025\/11\/MG_8537.jpg\" data-elementor-open-lightbox=\"yes\" data-elementor-lightbox-slideshow=\"094e1e1\" data-elementor-lightbox-title=\" MG 8537\" data-e-action-hash=\"#elementor-action%3Aaction%3Dlightbox%26settings%3DeyJpZCI6MTEyMjgsInVybCI6Imh0dHBzOlwvXC9maW5hbGl4LmNvbVwvd3AtY29udGVudFwvdXBsb2Fkc1wvMjAyNVwvMTFcL01HXzg1MzcuanBnIiwic2xpZGVzaG93IjoiMDk0ZTFlMSJ9\">\n\t\t\t\t\t<div class=\"e-gallery-image elementor-gallery-item__image\" data-thumbnail=\"https:\/\/finalix.com\/wp-content\/uploads\/2025\/11\/MG_8537-960x640.jpg\" data-width=\"960\" data-height=\"640\" aria-label=\"\" role=\"img\" ><\/div>\n\t\t\t\t\t\t\t\t\t\t\t<div class=\"elementor-gallery-item__overlay\"><\/div>\n\t\t\t\t\t\t\t\t\t\t\t\t\t\t<\/a>\n\t\t\t\t\t\t\t<a class=\"e-gallery-item elementor-gallery-item elementor-animated-content\" href=\"https:\/\/finalix.com\/wp-content\/uploads\/2025\/11\/MG_8993-scaled.jpg\" data-elementor-open-lightbox=\"yes\" data-elementor-lightbox-slideshow=\"094e1e1\" data-elementor-lightbox-title=\" MG 8993\" data-e-action-hash=\"#elementor-action%3Aaction%3Dlightbox%26settings%3DeyJpZCI6MTEyMzYsInVybCI6Imh0dHBzOlwvXC9maW5hbGl4LmNvbVwvd3AtY29udGVudFwvdXBsb2Fkc1wvMjAyNVwvMTFcL01HXzg5OTMtc2NhbGVkLmpwZyIsInNsaWRlc2hvdyI6IjA5NGUxZTEifQ%3D%3D\">\n\t\t\t\t\t<div class=\"e-gallery-image elementor-gallery-item__image\" data-thumbnail=\"https:\/\/finalix.com\/wp-content\/uploads\/2025\/11\/MG_8993-960x640.jpg\" data-width=\"960\" data-height=\"640\" aria-label=\"\" role=\"img\" ><\/div>\n\t\t\t\t\t\t\t\t\t\t\t<div class=\"elementor-gallery-item__overlay\"><\/div>\n\t\t\t\t\t\t\t\t\t\t\t\t\t\t<\/a>\n\t\t\t\t\t<\/div>\n\t\t\t\t\t<\/div>\n\t\t\t\t<\/div>\n\t\t\t\t\t<\/div>\n\t\t<\/div>\n\t\t\t\t\t<\/div>\n\t\t<\/section>\n\t\t\t\t<section class=\"elementor-section elementor-top-section elementor-element elementor-element-a919345 elementor-section-boxed elementor-section-height-default elementor-section-height-default\" data-id=\"a919345\" data-element_type=\"section\" data-e-type=\"section\" data-settings=\"{&quot;jet_parallax_layout_list&quot;:[],&quot;background_background&quot;:&quot;classic&quot;}\">\n\t\t\t\t\t\t<div class=\"elementor-container elementor-column-gap-default\">\n\t\t\t\t\t<div class=\"elementor-column elementor-col-100 elementor-top-column elementor-element elementor-element-fa77e1a\" data-id=\"fa77e1a\" data-element_type=\"column\" data-e-type=\"column\">\n\t\t\t<div class=\"elementor-widget-wrap elementor-element-populated\">\n\t\t\t\t\t\t<div class=\"elementor-element elementor-element-645a24e elementor-widget elementor-widget-heading\" data-id=\"645a24e\" data-element_type=\"widget\" data-e-type=\"widget\" data-widget_type=\"heading.default\">\n\t\t\t\t<div class=\"elementor-widget-container\">\n\t\t\t\t\t<h2 class=\"elementor-heading-title elementor-size-default\">Austausch an Thementischen<\/h2>\t\t\t\t<\/div>\n\t\t\t\t<\/div>\n\t\t\t\t<div class=\"elementor-element elementor-element-24affbb elementor-widget elementor-widget-text-editor\" data-id=\"24affbb\" data-element_type=\"widget\" data-e-type=\"widget\" data-widget_type=\"text-editor.default\">\n\t\t\t\t<div class=\"elementor-widget-container\">\n\t\t\t\t\t\t\t\t\t<p>Anschliessend zu den Kunst- und Architekturf\u00fchrungen geht es um 18 Uhr mit dem Forum los. Dieses Jahr erwartet Dich ein inspirierender Austausch an Thementischen. Du stellst bei der Anmeldung Deine individuelle Agenda zusammen und diskutierst in Kleingruppen aktuelle Themen und Fragestellungen aus der Kunst- und\u00a0Finanzwelt.<\/p>\t\t\t\t\t\t\t\t<\/div>\n\t\t\t\t<\/div>\n\t\t\t\t\t<\/div>\n\t\t<\/div>\n\t\t\t\t\t<\/div>\n\t\t<\/section>\n\t\t\t\t<\/div>\n\t\t","protected":false},"excerpt":{"rendered":"<p>Kunst. Inspiration. Austausch. Am 29. Oktober 2025 traf sich die finalix Community im Kunsthaus Z\u00fcrich zum diesj\u00e4hrigen finalix Forum. Der Abend stand ganz im Zeichen von Kunst, Inspiration und Austausch. Nach den F\u00fchrungen durch den Chipperfield-Bau diskutierten die Teilnehmenden an Thementischen aktuelle Entwicklungen aus der Finanzwelt \u2013 in einer Atmosph\u00e4re, die zum Nachdenken und Vernetzen&hellip;&nbsp;<a href=\"https:\/\/finalix.com\/de\/forum-2025-rueckblick\/\" rel=\"bookmark\">Weiterlesen &raquo;<span class=\"screen-reader-text\">Forum 2025 &#8211; R\u00fcckblick<\/span><\/a><\/p>\n","protected":false},"author":1,"featured_media":0,"parent":0,"menu_order":14,"comment_status":"closed","ping_status":"closed","template":"page-templates\/template-pagebuilder-full-width.php","meta":{"_acf_changed":false,"neve_meta_sidebar":"","neve_meta_container":"","neve_meta_enable_content_width":"","neve_meta_content_width":0,"neve_meta_title_alignment":"","neve_meta_author_avatar":"","neve_post_elements_order":"","neve_meta_disable_header":"","neve_meta_disable_footer":"","neve_meta_disable_title":"","neve_meta_reading_time":"","footnotes":""},"class_list":["post-11207","page","type-page","status-publish","hentry"],"acf":[],"_links":{"self":[{"href":"https:\/\/finalix.com\/de\/wp-json\/wp\/v2\/pages\/11207","targetHints":{"allow":["GET"]}}],"collection":[{"href":"https:\/\/finalix.com\/de\/wp-json\/wp\/v2\/pages"}],"about":[{"href":"https:\/\/finalix.com\/de\/wp-json\/wp\/v2\/types\/page"}],"author":[{"embeddable":true,"href":"https:\/\/finalix.com\/de\/wp-json\/wp\/v2\/users\/1"}],"replies":[{"embeddable":true,"href":"https:\/\/finalix.com\/de\/wp-json\/wp\/v2\/comments?post=11207"}],"version-history":[{"count":29,"href":"https:\/\/finalix.com\/de\/wp-json\/wp\/v2\/pages\/11207\/revisions"}],"predecessor-version":[{"id":11330,"href":"https:\/\/finalix.com\/de\/wp-json\/wp\/v2\/pages\/11207\/revisions\/11330"}],"wp:attachment":[{"href":"https:\/\/finalix.com\/de\/wp-json\/wp\/v2\/media?parent=11207"}],"curies":[{"name":"wp","href":"https:\/\/api.w.org\/{rel}","templated":true}]}}