{"id":9923,"date":"2024-07-10T12:02:55","date_gmt":"2024-07-10T10:02:55","guid":{"rendered":"https:\/\/finalix.com\/?page_id=9923"},"modified":"2024-07-15T08:39:27","modified_gmt":"2024-07-15T06:39:27","slug":"sommerapero-2024-rueckblick","status":"publish","type":"page","link":"https:\/\/finalix.com\/de\/sommerapero-2024-rueckblick\/","title":{"rendered":"Sommerapero 2024 &#8211; R\u00fcckblick"},"content":{"rendered":"\t\t<div data-elementor-type=\"wp-page\" data-elementor-id=\"9923\" class=\"elementor elementor-9923\" data-elementor-post-type=\"page\">\n\t\t\t\t\t\t<div class=\"elementor-section elementor-top-section elementor-element elementor-element-700a0ec elementor-section-height-min-height elementor-section-items-stretch elementor-section-content-middle elementor-section-boxed elementor-section-height-default elementor-invisible\" data-id=\"700a0ec\" data-element_type=\"section\" data-e-type=\"section\" data-settings=\"{&quot;background_background&quot;:&quot;classic&quot;,&quot;animation&quot;:&quot;fadeIn&quot;,&quot;jet_parallax_layout_list&quot;:[]}\">\n\t\t\t\t\t\t<div class=\"elementor-container elementor-column-gap-default\">\n\t\t\t\t\t<div class=\"elementor-column elementor-col-100 elementor-top-column elementor-element elementor-element-20883cd\" data-id=\"20883cd\" data-element_type=\"column\" data-e-type=\"column\">\n\t\t\t<div class=\"elementor-widget-wrap\">\n\t\t\t\t\t\t\t<\/div>\n\t\t<\/div>\n\t\t\t\t\t<\/div>\n\t\t<\/div>\n\t\t\t\t<section class=\"elementor-section elementor-top-section elementor-element elementor-element-5a99e1a elementor-section-boxed elementor-section-height-default elementor-section-height-default\" data-id=\"5a99e1a\" data-element_type=\"section\" data-e-type=\"section\" data-settings=\"{&quot;jet_parallax_layout_list&quot;:[]}\">\n\t\t\t\t\t\t<div class=\"elementor-container elementor-column-gap-default\">\n\t\t\t\t\t<div class=\"elementor-column elementor-col-100 elementor-top-column elementor-element elementor-element-c6353a0\" data-id=\"c6353a0\" data-element_type=\"column\" data-e-type=\"column\">\n\t\t\t<div class=\"elementor-widget-wrap elementor-element-populated\">\n\t\t\t\t\t\t<div class=\"elementor-element elementor-element-47c8cd9 elementor-widget elementor-widget-heading\" data-id=\"47c8cd9\" data-element_type=\"widget\" data-e-type=\"widget\" data-widget_type=\"heading.default\">\n\t\t\t\t<div class=\"elementor-widget-container\">\n\t\t\t\t\t<h1 class=\"elementor-heading-title elementor-size-default\">finalix Sommer Ap\u00e9ro 2024 <\/h1>\t\t\t\t<\/div>\n\t\t\t\t<\/div>\n\t\t\t\t<div class=\"elementor-element elementor-element-8b56694 elementor-widget__width-initial elementor-widget elementor-widget-text-editor\" data-id=\"8b56694\" data-element_type=\"widget\" data-e-type=\"widget\" data-widget_type=\"text-editor.default\">\n\t\t\t\t<div class=\"elementor-widget-container\">\n\t\t\t\t\t\t\t\t\t<p>Am 3. Juli 2024 fand unser sommerliches \u00abGet-together\u00bb in dem charmanten Restaurant Bernadette am Sechsel\u00e4utenplatz in Z\u00fcrich statt.<\/p>\t\t\t\t\t\t\t\t<\/div>\n\t\t\t\t<\/div>\n\t\t\t\t\t<\/div>\n\t\t<\/div>\n\t\t\t\t\t<\/div>\n\t\t<\/section>\n\t\t\t\t<section class=\"elementor-section elementor-top-section elementor-element elementor-element-e578c75 elementor-section-boxed elementor-section-height-default elementor-section-height-default\" data-id=\"e578c75\" data-element_type=\"section\" data-e-type=\"section\" data-settings=\"{&quot;jet_parallax_layout_list&quot;:[]}\">\n\t\t\t\t\t\t\t<div class=\"elementor-background-overlay\"><\/div>\n\t\t\t\t\t\t\t<div class=\"elementor-container elementor-column-gap-default\">\n\t\t\t\t\t<div class=\"elementor-column elementor-col-50 elementor-top-column elementor-element elementor-element-efeacd3\" data-id=\"efeacd3\" data-element_type=\"column\" data-e-type=\"column\">\n\t\t\t<div class=\"elementor-widget-wrap elementor-element-populated\">\n\t\t\t\t\t\t<div class=\"elementor-element elementor-element-4ab6518 elementor-widget elementor-widget-image\" data-id=\"4ab6518\" data-element_type=\"widget\" data-e-type=\"widget\" data-widget_type=\"image.default\">\n\t\t\t\t<div class=\"elementor-widget-container\">\n\t\t\t\t\t\t\t\t\t\t\t\t\t\t\t<img fetchpriority=\"high\" decoding=\"async\" width=\"1200\" height=\"801\" src=\"https:\/\/finalix.com\/wp-content\/uploads\/2024\/07\/MG_5626-min-1920x1281.jpg\" class=\"attachment-large size-large wp-image-9924\" alt=\"\" srcset=\"https:\/\/finalix.com\/wp-content\/uploads\/2024\/07\/MG_5626-min-1920x1281.jpg 1920w, https:\/\/finalix.com\/wp-content\/uploads\/2024\/07\/MG_5626-min-960x640.jpg 960w, https:\/\/finalix.com\/wp-content\/uploads\/2024\/07\/MG_5626-min-768x512.jpg 768w, https:\/\/finalix.com\/wp-content\/uploads\/2024\/07\/MG_5626-min-1536x1024.jpg 1536w, https:\/\/finalix.com\/wp-content\/uploads\/2024\/07\/MG_5626-min-2048x1366.jpg 2048w, https:\/\/finalix.com\/wp-content\/uploads\/2024\/07\/MG_5626-min-930x620.jpg 930w\" sizes=\"(max-width: 1200px) 100vw, 1200px\" \/>\t\t\t\t\t\t\t\t\t\t\t\t\t\t\t<\/div>\n\t\t\t\t<\/div>\n\t\t\t\t\t<\/div>\n\t\t<\/div>\n\t\t\t\t<div class=\"elementor-column elementor-col-50 elementor-top-column elementor-element elementor-element-1f58c3d\" data-id=\"1f58c3d\" data-element_type=\"column\" data-e-type=\"column\" data-settings=\"{&quot;background_background&quot;:&quot;classic&quot;}\">\n\t\t\t<div class=\"elementor-widget-wrap elementor-element-populated\">\n\t\t\t\t\t\t<div class=\"elementor-element elementor-element-85be252 elementor-widget elementor-widget-heading\" data-id=\"85be252\" data-element_type=\"widget\" data-e-type=\"widget\" data-widget_type=\"heading.default\">\n\t\t\t\t<div class=\"elementor-widget-container\">\n\t\t\t\t\t<h2 class=\"elementor-heading-title elementor-size-default\">R\u00fcckblick<\/h2>\t\t\t\t<\/div>\n\t\t\t\t<\/div>\n\t\t\t\t<div class=\"elementor-element elementor-element-d135bc6 elementor-widget elementor-widget-text-editor\" data-id=\"d135bc6\" data-element_type=\"widget\" data-e-type=\"widget\" data-widget_type=\"text-editor.default\">\n\t\t\t\t<div class=\"elementor-widget-container\">\n\t\t\t\t\t\t\t\t\t<p>In entspannter und lockerer Atmosph\u00e4re genossen wir gemeinsam einen k\u00f6stlichen Ap\u00e9ro voller lebhafter Gespr\u00e4che.<\/p><p>Ein Highlight des Abends war die exklusive F\u00fchrung durch das Opernhaus. Unsere G\u00e4ste hatten die einzigartige Gelegenheit, einen tiefen Einblick in die Kultur unserer Stadt zu erhalten und die beeindruckende Architektur sowie die spannende Geschichte des Opernhauses hautnah zu erleben.<\/p><p>Wir haben ein paar Eindr\u00fccke des Sommer Ap\u00e9ros f\u00fcr Sie festgehalten \u2013 viel Vergn\u00fcgen.<\/p>\t\t\t\t\t\t\t\t<\/div>\n\t\t\t\t<\/div>\n\t\t\t\t\t<\/div>\n\t\t<\/div>\n\t\t\t\t\t<\/div>\n\t\t<\/section>\n\t\t\t\t<section class=\"elementor-section elementor-top-section elementor-element elementor-element-8b3c728 elementor-section-boxed elementor-section-height-default elementor-section-height-default\" data-id=\"8b3c728\" data-element_type=\"section\" data-e-type=\"section\" data-settings=\"{&quot;jet_parallax_layout_list&quot;:[]}\">\n\t\t\t\t\t\t\t<div class=\"elementor-background-overlay\"><\/div>\n\t\t\t\t\t\t\t<div class=\"elementor-container elementor-column-gap-default\">\n\t\t\t\t\t<div class=\"elementor-column elementor-col-100 elementor-top-column elementor-element elementor-element-a2b2aea\" data-id=\"a2b2aea\" data-element_type=\"column\" data-e-type=\"column\" data-settings=\"{&quot;background_background&quot;:&quot;classic&quot;}\">\n\t\t\t<div class=\"elementor-widget-wrap elementor-element-populated\">\n\t\t\t\t\t<div class=\"elementor-background-overlay\"><\/div>\n\t\t\t\t\t\t<div class=\"elementor-element elementor-element-4deaf6f elementor-widget elementor-widget-video\" data-id=\"4deaf6f\" data-element_type=\"widget\" data-e-type=\"widget\" data-settings=\"{&quot;video_type&quot;:&quot;vimeo&quot;,&quot;loop&quot;:&quot;yes&quot;}\" data-widget_type=\"video.default\">\n\t\t\t\t<div class=\"elementor-widget-container\">\n\t\t\t\t\t\t\t<div class=\"elementor-wrapper elementor-open-inline\">\n\t\t\t<iframe class=\"elementor-video-iframe\" allowfullscreen allow=\"clipboard-write\" title=\"vimeo Video Player\" src=\"https:\/\/player.vimeo.com\/video\/981828923?color&amp;autopause=0&amp;loop=1&amp;muted=0&amp;title=1&amp;portrait=1&amp;byline=1&amp;h=9d530d4e5e#t=\"><\/iframe>\t\t<\/div>\n\t\t\t\t\t\t<\/div>\n\t\t\t\t<\/div>\n\t\t\t\t\t<\/div>\n\t\t<\/div>\n\t\t\t\t\t<\/div>\n\t\t<\/section>\n\t\t\t\t<section class=\"elementor-section elementor-top-section elementor-element elementor-element-2d8481a elementor-section-boxed elementor-section-height-default elementor-section-height-default\" data-id=\"2d8481a\" data-element_type=\"section\" data-e-type=\"section\" data-settings=\"{&quot;jet_parallax_layout_list&quot;:[]}\">\n\t\t\t\t\t\t<div class=\"elementor-container elementor-column-gap-default\">\n\t\t\t\t\t<div class=\"elementor-column elementor-col-100 elementor-top-column elementor-element elementor-element-0a90e49\" data-id=\"0a90e49\" data-element_type=\"column\" data-e-type=\"column\">\n\t\t\t<div class=\"elementor-widget-wrap elementor-element-populated\">\n\t\t\t\t\t\t<div class=\"elementor-element elementor-element-6322251 elementor-widget elementor-widget-gallery\" data-id=\"6322251\" data-element_type=\"widget\" data-e-type=\"widget\" data-settings=\"{&quot;columns&quot;:3,&quot;gap&quot;:{&quot;unit&quot;:&quot;px&quot;,&quot;size&quot;:7,&quot;sizes&quot;:[]},&quot;lazyload&quot;:&quot;yes&quot;,&quot;gallery_layout&quot;:&quot;grid&quot;,&quot;columns_tablet&quot;:2,&quot;columns_mobile&quot;:1,&quot;gap_laptop&quot;:{&quot;unit&quot;:&quot;px&quot;,&quot;size&quot;:10,&quot;sizes&quot;:[]},&quot;gap_tablet&quot;:{&quot;unit&quot;:&quot;px&quot;,&quot;size&quot;:10,&quot;sizes&quot;:[]},&quot;gap_mobile_extra&quot;:{&quot;unit&quot;:&quot;px&quot;,&quot;size&quot;:10,&quot;sizes&quot;:[]},&quot;gap_mobile&quot;:{&quot;unit&quot;:&quot;px&quot;,&quot;size&quot;:10,&quot;sizes&quot;:[]},&quot;link_to&quot;:&quot;file&quot;,&quot;aspect_ratio&quot;:&quot;3:2&quot;,&quot;overlay_background&quot;:&quot;yes&quot;,&quot;content_hover_animation&quot;:&quot;fade-in&quot;}\" data-widget_type=\"gallery.default\">\n\t\t\t\t<div class=\"elementor-widget-container\">\n\t\t\t\t\t\t\t<div class=\"elementor-gallery__container\">\n\t\t\t\t\t\t\t<a class=\"e-gallery-item elementor-gallery-item elementor-animated-content\" href=\"https:\/\/finalix.com\/wp-content\/uploads\/2024\/07\/MG_5666-min-scaled.jpg\" data-elementor-open-lightbox=\"yes\" data-elementor-lightbox-slideshow=\"6322251\" data-elementor-lightbox-title=\" MG 5666 Min\" data-e-action-hash=\"#elementor-action%3Aaction%3Dlightbox%26settings%3DeyJpZCI6OTkzNCwidXJsIjoiaHR0cHM6XC9cL2ZpbmFsaXguY29tXC93cC1jb250ZW50XC91cGxvYWRzXC8yMDI0XC8wN1wvTUdfNTY2Ni1taW4tc2NhbGVkLmpwZyIsInNsaWRlc2hvdyI6IjYzMjIyNTEifQ%3D%3D\">\n\t\t\t\t\t<div class=\"e-gallery-image elementor-gallery-item__image\" data-thumbnail=\"https:\/\/finalix.com\/wp-content\/uploads\/2024\/07\/MG_5666-min-960x640.jpg\" data-width=\"960\" data-height=\"640\" aria-label=\"\" role=\"img\" ><\/div>\n\t\t\t\t\t\t\t\t\t\t\t<div class=\"elementor-gallery-item__overlay\"><\/div>\n\t\t\t\t\t\t\t\t\t\t\t\t\t\t<\/a>\n\t\t\t\t\t\t\t<a class=\"e-gallery-item elementor-gallery-item elementor-animated-content\" href=\"https:\/\/finalix.com\/wp-content\/uploads\/2024\/07\/MG_5720-min.jpg\" data-elementor-open-lightbox=\"yes\" data-elementor-lightbox-slideshow=\"6322251\" data-elementor-lightbox-title=\" MG 5720 Min\" data-e-action-hash=\"#elementor-action%3Aaction%3Dlightbox%26settings%3DeyJpZCI6OTkzNiwidXJsIjoiaHR0cHM6XC9cL2ZpbmFsaXguY29tXC93cC1jb250ZW50XC91cGxvYWRzXC8yMDI0XC8wN1wvTUdfNTcyMC1taW4uanBnIiwic2xpZGVzaG93IjoiNjMyMjI1MSJ9\">\n\t\t\t\t\t<div class=\"e-gallery-image elementor-gallery-item__image\" data-thumbnail=\"https:\/\/finalix.com\/wp-content\/uploads\/2024\/07\/MG_5720-min-960x640.jpg\" data-width=\"960\" data-height=\"640\" aria-label=\"\" role=\"img\" ><\/div>\n\t\t\t\t\t\t\t\t\t\t\t<div class=\"elementor-gallery-item__overlay\"><\/div>\n\t\t\t\t\t\t\t\t\t\t\t\t\t\t<\/a>\n\t\t\t\t\t\t\t<a class=\"e-gallery-item elementor-gallery-item elementor-animated-content\" href=\"https:\/\/finalix.com\/wp-content\/uploads\/2024\/07\/MG_5783-min-scaled.jpg\" data-elementor-open-lightbox=\"yes\" data-elementor-lightbox-slideshow=\"6322251\" data-elementor-lightbox-title=\" MG 5783 Min\" data-e-action-hash=\"#elementor-action%3Aaction%3Dlightbox%26settings%3DeyJpZCI6OTkzOCwidXJsIjoiaHR0cHM6XC9cL2ZpbmFsaXguY29tXC93cC1jb250ZW50XC91cGxvYWRzXC8yMDI0XC8wN1wvTUdfNTc4My1taW4tc2NhbGVkLmpwZyIsInNsaWRlc2hvdyI6IjYzMjIyNTEifQ%3D%3D\">\n\t\t\t\t\t<div class=\"e-gallery-image elementor-gallery-item__image\" data-thumbnail=\"https:\/\/finalix.com\/wp-content\/uploads\/2024\/07\/MG_5783-min-960x640.jpg\" data-width=\"960\" data-height=\"640\" aria-label=\"\" role=\"img\" ><\/div>\n\t\t\t\t\t\t\t\t\t\t\t<div class=\"elementor-gallery-item__overlay\"><\/div>\n\t\t\t\t\t\t\t\t\t\t\t\t\t\t<\/a>\n\t\t\t\t\t\t\t<a class=\"e-gallery-item elementor-gallery-item elementor-animated-content\" href=\"https:\/\/finalix.com\/wp-content\/uploads\/2024\/07\/MG_6132-min-scaled.jpg\" data-elementor-open-lightbox=\"yes\" data-elementor-lightbox-slideshow=\"6322251\" data-elementor-lightbox-title=\" MG 6132 Min\" data-e-action-hash=\"#elementor-action%3Aaction%3Dlightbox%26settings%3DeyJpZCI6OTk0OCwidXJsIjoiaHR0cHM6XC9cL2ZpbmFsaXguY29tXC93cC1jb250ZW50XC91cGxvYWRzXC8yMDI0XC8wN1wvTUdfNjEzMi1taW4tc2NhbGVkLmpwZyIsInNsaWRlc2hvdyI6IjYzMjIyNTEifQ%3D%3D\">\n\t\t\t\t\t<div class=\"e-gallery-image elementor-gallery-item__image\" data-thumbnail=\"https:\/\/finalix.com\/wp-content\/uploads\/2024\/07\/MG_6132-min-960x640.jpg\" data-width=\"960\" data-height=\"640\" aria-label=\"\" role=\"img\" ><\/div>\n\t\t\t\t\t\t\t\t\t\t\t<div class=\"elementor-gallery-item__overlay\"><\/div>\n\t\t\t\t\t\t\t\t\t\t\t\t\t\t<\/a>\n\t\t\t\t\t\t\t<a class=\"e-gallery-item elementor-gallery-item elementor-animated-content\" href=\"https:\/\/finalix.com\/wp-content\/uploads\/2024\/07\/MG_6077-min-scaled.jpg\" data-elementor-open-lightbox=\"yes\" data-elementor-lightbox-slideshow=\"6322251\" data-elementor-lightbox-title=\" MG 6077 Min\" data-e-action-hash=\"#elementor-action%3Aaction%3Dlightbox%26settings%3DeyJpZCI6OTk0NiwidXJsIjoiaHR0cHM6XC9cL2ZpbmFsaXguY29tXC93cC1jb250ZW50XC91cGxvYWRzXC8yMDI0XC8wN1wvTUdfNjA3Ny1taW4tc2NhbGVkLmpwZyIsInNsaWRlc2hvdyI6IjYzMjIyNTEifQ%3D%3D\">\n\t\t\t\t\t<div class=\"e-gallery-image elementor-gallery-item__image\" data-thumbnail=\"https:\/\/finalix.com\/wp-content\/uploads\/2024\/07\/MG_6077-min-960x640.jpg\" data-width=\"960\" data-height=\"640\" aria-label=\"\" role=\"img\" ><\/div>\n\t\t\t\t\t\t\t\t\t\t\t<div class=\"elementor-gallery-item__overlay\"><\/div>\n\t\t\t\t\t\t\t\t\t\t\t\t\t\t<\/a>\n\t\t\t\t\t\t\t<a class=\"e-gallery-item elementor-gallery-item elementor-animated-content\" href=\"https:\/\/finalix.com\/wp-content\/uploads\/2024\/07\/MG_5917-min-scaled.jpg\" data-elementor-open-lightbox=\"yes\" data-elementor-lightbox-slideshow=\"6322251\" data-elementor-lightbox-title=\" MG 5917 Min\" data-e-action-hash=\"#elementor-action%3Aaction%3Dlightbox%26settings%3DeyJpZCI6OTk0NCwidXJsIjoiaHR0cHM6XC9cL2ZpbmFsaXguY29tXC93cC1jb250ZW50XC91cGxvYWRzXC8yMDI0XC8wN1wvTUdfNTkxNy1taW4tc2NhbGVkLmpwZyIsInNsaWRlc2hvdyI6IjYzMjIyNTEifQ%3D%3D\">\n\t\t\t\t\t<div class=\"e-gallery-image elementor-gallery-item__image\" data-thumbnail=\"https:\/\/finalix.com\/wp-content\/uploads\/2024\/07\/MG_5917-min-960x640.jpg\" data-width=\"960\" data-height=\"640\" aria-label=\"\" role=\"img\" ><\/div>\n\t\t\t\t\t\t\t\t\t\t\t<div class=\"elementor-gallery-item__overlay\"><\/div>\n\t\t\t\t\t\t\t\t\t\t\t\t\t\t<\/a>\n\t\t\t\t\t\t\t<a class=\"e-gallery-item elementor-gallery-item elementor-animated-content\" href=\"https:\/\/finalix.com\/wp-content\/uploads\/2024\/07\/MG_5865-min-scaled.jpg\" data-elementor-open-lightbox=\"yes\" data-elementor-lightbox-slideshow=\"6322251\" data-elementor-lightbox-title=\" MG 5865 Min\" data-e-action-hash=\"#elementor-action%3Aaction%3Dlightbox%26settings%3DeyJpZCI6OTk0MiwidXJsIjoiaHR0cHM6XC9cL2ZpbmFsaXguY29tXC93cC1jb250ZW50XC91cGxvYWRzXC8yMDI0XC8wN1wvTUdfNTg2NS1taW4tc2NhbGVkLmpwZyIsInNsaWRlc2hvdyI6IjYzMjIyNTEifQ%3D%3D\">\n\t\t\t\t\t<div class=\"e-gallery-image elementor-gallery-item__image\" data-thumbnail=\"https:\/\/finalix.com\/wp-content\/uploads\/2024\/07\/MG_5865-min-960x640.jpg\" data-width=\"960\" data-height=\"640\" aria-label=\"\" role=\"img\" ><\/div>\n\t\t\t\t\t\t\t\t\t\t\t<div class=\"elementor-gallery-item__overlay\"><\/div>\n\t\t\t\t\t\t\t\t\t\t\t\t\t\t<\/a>\n\t\t\t\t\t\t\t<a class=\"e-gallery-item elementor-gallery-item elementor-animated-content\" href=\"https:\/\/finalix.com\/wp-content\/uploads\/2024\/07\/MG_5995-min-scaled.jpg\" data-elementor-open-lightbox=\"yes\" data-elementor-lightbox-slideshow=\"6322251\" data-elementor-lightbox-title=\" MG 5995 Min\" data-e-action-hash=\"#elementor-action%3Aaction%3Dlightbox%26settings%3DeyJpZCI6OTkzMiwidXJsIjoiaHR0cHM6XC9cL2ZpbmFsaXguY29tXC93cC1jb250ZW50XC91cGxvYWRzXC8yMDI0XC8wN1wvTUdfNTk5NS1taW4tc2NhbGVkLmpwZyIsInNsaWRlc2hvdyI6IjYzMjIyNTEifQ%3D%3D\">\n\t\t\t\t\t<div class=\"e-gallery-image elementor-gallery-item__image\" data-thumbnail=\"https:\/\/finalix.com\/wp-content\/uploads\/2024\/07\/MG_5995-min-960x640.jpg\" data-width=\"960\" data-height=\"640\" aria-label=\"\" role=\"img\" ><\/div>\n\t\t\t\t\t\t\t\t\t\t\t<div class=\"elementor-gallery-item__overlay\"><\/div>\n\t\t\t\t\t\t\t\t\t\t\t\t\t\t<\/a>\n\t\t\t\t\t\t\t<a class=\"e-gallery-item elementor-gallery-item elementor-animated-content\" href=\"https:\/\/finalix.com\/wp-content\/uploads\/2024\/07\/MG_6273-min-scaled.jpg\" data-elementor-open-lightbox=\"yes\" data-elementor-lightbox-slideshow=\"6322251\" data-elementor-lightbox-title=\" MG 6273 Min\" data-e-action-hash=\"#elementor-action%3Aaction%3Dlightbox%26settings%3DeyJpZCI6OTkyOCwidXJsIjoiaHR0cHM6XC9cL2ZpbmFsaXguY29tXC93cC1jb250ZW50XC91cGxvYWRzXC8yMDI0XC8wN1wvTUdfNjI3My1taW4tc2NhbGVkLmpwZyIsInNsaWRlc2hvdyI6IjYzMjIyNTEifQ%3D%3D\">\n\t\t\t\t\t<div class=\"e-gallery-image elementor-gallery-item__image\" data-thumbnail=\"https:\/\/finalix.com\/wp-content\/uploads\/2024\/07\/MG_6273-min-960x640.jpg\" data-width=\"960\" data-height=\"640\" aria-label=\"\" role=\"img\" ><\/div>\n\t\t\t\t\t\t\t\t\t\t\t<div class=\"elementor-gallery-item__overlay\"><\/div>\n\t\t\t\t\t\t\t\t\t\t\t\t\t\t<\/a>\n\t\t\t\t\t<\/div>\n\t\t\t\t\t<\/div>\n\t\t\t\t<\/div>\n\t\t\t\t\t<\/div>\n\t\t<\/div>\n\t\t\t\t\t<\/div>\n\t\t<\/section>\n\t\t\t\t<\/div>\n\t\t","protected":false},"excerpt":{"rendered":"<p>finalix Sommer Ap\u00e9ro 2024 Am 3. Juli 2024 fand unser sommerliches \u00abGet-together\u00bb in dem charmanten Restaurant Bernadette am Sechsel\u00e4utenplatz in Z\u00fcrich statt. R\u00fcckblick In entspannter und lockerer Atmosph\u00e4re genossen wir gemeinsam einen k\u00f6stlichen Ap\u00e9ro voller lebhafter Gespr\u00e4che. Ein Highlight des Abends war die exklusive F\u00fchrung durch das Opernhaus. Unsere G\u00e4ste hatten die einzigartige Gelegenheit, einen&hellip;&nbsp;<a href=\"https:\/\/finalix.com\/de\/sommerapero-2024-rueckblick\/\" rel=\"bookmark\">Weiterlesen &raquo;<span class=\"screen-reader-text\">Sommerapero 2024 &#8211; R\u00fcckblick<\/span><\/a><\/p>\n","protected":false},"author":1,"featured_media":0,"parent":0,"menu_order":13,"comment_status":"closed","ping_status":"closed","template":"page-templates\/template-pagebuilder-full-width.php","meta":{"_acf_changed":false,"neve_meta_sidebar":"","neve_meta_container":"","neve_meta_enable_content_width":"","neve_meta_content_width":0,"neve_meta_title_alignment":"","neve_meta_author_avatar":"","neve_post_elements_order":"","neve_meta_disable_header":"","neve_meta_disable_footer":"","neve_meta_disable_title":"","neve_meta_reading_time":"","footnotes":""},"class_list":["post-9923","page","type-page","status-publish","hentry"],"acf":[],"_links":{"self":[{"href":"https:\/\/finalix.com\/de\/wp-json\/wp\/v2\/pages\/9923","targetHints":{"allow":["GET"]}}],"collection":[{"href":"https:\/\/finalix.com\/de\/wp-json\/wp\/v2\/pages"}],"about":[{"href":"https:\/\/finalix.com\/de\/wp-json\/wp\/v2\/types\/page"}],"author":[{"embeddable":true,"href":"https:\/\/finalix.com\/de\/wp-json\/wp\/v2\/users\/1"}],"replies":[{"embeddable":true,"href":"https:\/\/finalix.com\/de\/wp-json\/wp\/v2\/comments?post=9923"}],"version-history":[{"count":39,"href":"https:\/\/finalix.com\/de\/wp-json\/wp\/v2\/pages\/9923\/revisions"}],"predecessor-version":[{"id":10013,"href":"https:\/\/finalix.com\/de\/wp-json\/wp\/v2\/pages\/9923\/revisions\/10013"}],"wp:attachment":[{"href":"https:\/\/finalix.com\/de\/wp-json\/wp\/v2\/media?parent=9923"}],"curies":[{"name":"wp","href":"https:\/\/api.w.org\/{rel}","templated":true}]}}